{"id":413,"date":"2025-09-01T14:17:37","date_gmt":"2025-09-01T12:17:37","guid":{"rendered":"https:\/\/m2go.2surlife.de\/start\/?page_id=413"},"modified":"2025-09-01T16:23:16","modified_gmt":"2025-09-01T14:23:16","slug":"konfitag-2025","status":"publish","type":"page","link":"https:\/\/m2go.2surlife.de\/start\/","title":{"rendered":"Konfitag 2025"},"content":{"rendered":"<div id=\"themify_builder_content-413\" data-postid=\"413\" class=\"themify_builder_content themify_builder_content-413 themify_builder\">\n    \t<!-- module_row -->\n\t<div  class=\"themify_builder_row module_row clearfix module_row_0 themify_builder_413_row module_row_413-0 tb_5udt884\">\n\t    \t    <div class=\"row_inner col_align_top\" >\n\t\t\t<div  class=\"module_column tb-column col-full first tb_413_column module_column_0 module_column_413-0-0 tb_3n38884\">\n\t    \t    \t        <div class=\"tb-column-inner\">\n\t\t    \t<div  class=\"themify_builder_sub_row module_subrow clearfix sub_row_0-0-0 tb_ia37357\">\n\t    \t    <div class=\"subrow_inner col_align_top\" >\n\t\t\t<div  class=\"sub_column module_column col-full first sub_column_post_413 sub_column_0-0-0-0 tb_eg33357\"> \n\t    \t    \t        <div class=\"tb-column-inner\">\n\t\t            <!-- module fancy heading -->\n    <div  class=\"module module-fancy-heading tb_zkmf875  \">\n\t        <h1 class=\"fancy-heading tb-align-center\">\n        <span  class=\"main-head\">\n            Konfitag 2025        <\/span>\n        <span class=\"sub-head\">\n            Lost & Found        <\/span>\n\n        <\/h1>\n    <\/div>\n    <!-- \/module fancy heading -->\n\t        <\/div>\n\t    \t<\/div>\n\t\t    <\/div>\n\t<\/div><!-- \/themify_builder_sub_row -->\n\t\t        <\/div>\n\t    \t<\/div>\n\t\t    <\/div>\n\t    <!-- \/row_inner -->\n\t<\/div>\n\t<!-- \/module_row -->\n\t\t<!-- module_row -->\n\t<div   class=\"themify_builder_row module_row clearfix module_row_2 themify_builder_413_row module_row_413-2 tb_xki0701\">\n\t    \t    <div class=\"row_inner col_align_top\"   data-basecol=\"3\" data-col_mobile=\"column-full\">\n\t\t\t<div  class=\"module_column tb-column col3-1 first tb_413_column module_column_0 module_column_413-2-0 tb_k9xq701\" style=\"width: 26%\">\n\t    \t    \t<\/div>\n\t\t<div  class=\"module_column tb-column col3-1 middle tb_413_column module_column_1 module_column_413-2-1 tb_wzc4701\" style=\"width: 43%\" >\n\t    \t    \t        <div class=\"tb-column-inner\">\n\t\t    <!-- module text -->\n<div  class=\"module module-text tb_ndkl701    \">\n            <div  class=\"tb_text_wrap\">\n    <p>Mit Sicherheit kennst du die Situationen, die in denen du v\u00f6llig lost bist. Vielleicht warst du mal v\u00f6llig lost, weil du dich nicht entscheiden konntest. Oder einfach nicht verstehst, was die von dir wollen. M\u00f6glicherweise denken andere von dir, du w\u00e4rst ein hoffnungsloser Fall.<br \/>Oder, du verh\u00e4lst dich einfach total tollpatschig und wirkst voll verpeilt. Vielleicht f\u00fchlst du dich auch nicht richtig verstanden&#8230;<br \/><br \/>Naja, du weist schon, eben all diese Situationen.<\/p>    <\/div>\n<\/div>\n<!-- \/module text -->\n<!-- module text -->\n<div  class=\"module module-text tb_l2bs701  repeat  \">\n            <div  class=\"tb_text_wrap\">\n    <p style=\"text-align: center;\">Aber jetzt erstmal das richtige Passwort finden und hier unten reinschreiben. Los gehts!<\/p>    <\/div>\n<\/div>\n<!-- \/module text -->\n\t        <\/div>\n\t    \t<\/div>\n\t\t<div  class=\"module_column tb-column col3-1 last tb_413_column module_column_2 module_column_413-2-2 tb_gm0m701\" style=\"width: 24.6%\" >\n\t    \t    \t<\/div>\n\t\t    <\/div>\n\t    <!-- \/row_inner -->\n\t<\/div>\n\t<!-- \/module_row -->\n\t\t<!-- module_row -->\n\t<div  class=\"themify_builder_row module_row clearfix module_row_3 themify_builder_413_row module_row_413-3 tb_6h74282\">\n\t    \t    <div class=\"row_inner col_align_top\" >\n\t\t\t<div  class=\"module_column tb-column col-full first tb_413_column module_column_0 module_column_413-3-0 tb_oqe2282\">\n\t    \t    \t        <div class=\"tb-column-inner\">\n\t\t    <!-- module widget -->\n<div  class=\"module module-widget tb_196j101   \">\n\t<h3 class=\"module-title\">L\u00f6sung jetzt Freischalten!<\/h3><div class=\"widget widget_ipw\"><div data-post-id=\"424\" class=\"insert-page insert-page-424 \" id=\"424\"><form action=\"https:\/\/m2go.2surlife.de\/wp-login.php?action=postpass\" class=\"post-password-form\" method=\"post\"><input type=\"hidden\" name=\"redirect_to\" value=\"https:\/\/m2go.2surlife.de\/start\/found\/\" \/>\n\t<p>Dieser Inhalt ist passwortgesch\u00fctzt. Bitte gib unten das Passwort ein, um ihn anzeigen zu k\u00f6nnen.<\/p>\n\t<p><label for=\"pwbox-424\">Passwort: <input name=\"post_password\" id=\"pwbox-424\" type=\"password\" spellcheck=\"false\" required size=\"20\" \/><\/label> <input type=\"submit\" name=\"Submit\" value=\"Absenden\" \/><\/p><\/form>\n\t<\/div><\/div><\/div><!-- \/module widget -->\t        <\/div>\n\t    \t<\/div>\n\t\t    <\/div>\n\t    <!-- \/row_inner -->\n\t<\/div>\n\t<!-- \/module_row -->\n\t<\/div>\n\n","protected":false},"excerpt":{"rendered":"<p>Konfitag 2025Lost &#038; Found Mit Sicherheit kennst du die Situationen, die in denen du v\u00f6llig lost bist. Vielleicht warst du mal v\u00f6llig lost, weil du dich nicht entscheiden konntest. Oder einfach nicht verstehst, was die von dir wollen. M\u00f6glicherweise denken andere von dir, du w\u00e4rst ein hoffnungsloser Fall.Oder, du verh\u00e4lst dich einfach total tollpatschig und [&hellip;]<\/p>\n","protected":false},"author":1,"featured_media":0,"parent":0,"menu_order":0,"comment_status":"closed","ping_status":"closed","template":"","meta":{"_coblocks_attr":"","_coblocks_dimensions":"","_coblocks_responsive_height":"","_coblocks_accordion_ie_support":"","footnotes":""},"class_list":["post-413","page","type-page","status-publish","hentry","has-post-title","has-post-date","has-post-category","has-post-tag","has-post-comment","has-post-author",""],"builder_content":"<h1>Konfitag 2025<br\/>Lost & Found<\/h1>\n<p>Mit Sicherheit kennst du die Situationen, die in denen du v\u00f6llig lost bist. Vielleicht warst du mal v\u00f6llig lost, weil du dich nicht entscheiden konntest. Oder einfach nicht verstehst, was die von dir wollen. M\u00f6glicherweise denken andere von dir, du w\u00e4rst ein hoffnungsloser Fall.<br \/>Oder, du verh\u00e4lst dich einfach total tollpatschig und wirkst voll verpeilt. Vielleicht f\u00fchlst du dich auch nicht richtig verstanden...<br \/><br \/>Naja, du weist schon, eben all diese Situationen.<\/p>\n<p style=\"text-align: center;\">Aber jetzt erstmal das richtige Passwort finden und hier unten reinschreiben. Los gehts!<\/p>\n<h3>L\u00f6sung jetzt Freischalten!<\/h3>","_links":{"self":[{"href":"https:\/\/m2go.2surlife.de\/start\/wp-json\/wp\/v2\/pages\/413","targetHints":{"allow":["GET"]}}],"collection":[{"href":"https:\/\/m2go.2surlife.de\/start\/wp-json\/wp\/v2\/pages"}],"about":[{"href":"https:\/\/m2go.2surlife.de\/start\/wp-json\/wp\/v2\/types\/page"}],"author":[{"embeddable":true,"href":"https:\/\/m2go.2surlife.de\/start\/wp-json\/wp\/v2\/users\/1"}],"replies":[{"embeddable":true,"href":"https:\/\/m2go.2surlife.de\/start\/wp-json\/wp\/v2\/comments?post=413"}],"version-history":[{"count":17,"href":"https:\/\/m2go.2surlife.de\/start\/wp-json\/wp\/v2\/pages\/413\/revisions"}],"predecessor-version":[{"id":446,"href":"https:\/\/m2go.2surlife.de\/start\/wp-json\/wp\/v2\/pages\/413\/revisions\/446"}],"wp:attachment":[{"href":"https:\/\/m2go.2surlife.de\/start\/wp-json\/wp\/v2\/media?parent=413"}],"curies":[{"name":"wp","href":"https:\/\/api.w.org\/{rel}","templated":true}]}}